{"id":42,"date":"2026-04-15T17:53:15","date_gmt":"2026-04-15T17:53:15","guid":{"rendered":"https:\/\/elegant-albattani.37-187-145-177.plesk.page\/staging\/contact\/"},"modified":"2026-05-10T08:46:53","modified_gmt":"2026-05-10T08:46:53","slug":"contact","status":"publish","type":"page","link":"https:\/\/blog.aucoindelahalle.fr\/contact\/","title":{"rendered":"Contact"},"content":{"rendered":"\n<div class=\"wp-block-cover is-dark\" style=\"min-height:280px;padding:70px 40px;aspect-ratio:unset;\"><span aria-hidden=\"true\" class=\"wp-block-cover__background has-background-dim-100 has-background-dim\" style=\"background-color:#1A2238\"><\/span><div class=\"wp-block-cover__inner-container is-layout-flow wp-block-cover-is-layout-flow\">\n\n<p style=\"color:#C84B31;font-size:0.78rem;font-weight:700;letter-spacing:0.1em;text-transform:uppercase\">\u00c9crire \u00e0 Camille<\/p>\n\n\n<h1 class=\"wp-block-heading\" style=\"color:#E8DCC4;font-size:3rem\">Contact<\/h1>\n\n\n<p style=\"color:rgba(232,220,196,0.75);font-style:italic\">Un sujet \u00e0 soumettre, un artisan \u00e0 faire d\u00e9couvrir, un partenariat ? Nous vous r\u00e9pondons sous 48 h.<\/p>\n\n<\/div><\/div>\n\n\n\n<div class=\"wp-block-group has-background\" style=\"background:#FAF7F2;padding:64px 40px\"><div class=\"wp-block-group__inner-container is-layout-flow wp-block-group-is-layout-flow\">\n\n<div class=\"wp-block-columns is-layout-flex wp-container-core-columns-is-layout-16c6719d wp-block-columns-is-layout-flex\">\n\n<div class=\"wp-block-column is-layout-flow wp-block-column-is-layout-flow\" style=\"flex-basis:58%\">\n\n<h2 class=\"wp-block-heading\" style=\"color:#1A2238;margin-bottom:28px\">\u00c9crivez-nous<\/h2>\n\n<div class='fluentform ff-default fluentform_wrapper_6 ffs_default_wrap'><form data-form_id=\"6\" id=\"fluentform_6\" class=\"frm-fluent-form fluent_form_6 ff-el-form-top ff_form_instance_6_1 ff-form-loading ffs_default\" data-form_instance=\"ff_form_instance_6_1\" method=\"POST\" ><fieldset  style=\"border: none!important;margin: 0!important;padding: 0!important;background-color: transparent!important;box-shadow: none!important;outline: none!important; min-inline-size: 100%;\">\n                    <legend class=\"ff_screen_reader_title\" style=\"display: block; margin: 0!important;padding: 0!important;height: 0!important;text-indent: -999999px;width: 0!important;overflow:hidden;\">Formulaire de contact L&#039;Esprit du Quartier<\/legend><p style=\"display: none !important;\" class=\"akismet-fields-container\" data-prefix=\"ak_\"><label>&#916;<textarea name=\"ak_hp_textarea\" cols=\"45\" rows=\"8\" maxlength=\"100\"><\/textarea><\/label><input type=\"hidden\" id=\"ak_js_1\" name=\"ak_js\" value=\"226\"\/><script>\ndocument.getElementById( \"ak_js_1\" ).setAttribute( \"value\", ( new Date() ).getTime() );\n<\/script>\n<\/p><input type='hidden' name='__fluent_form_embded_post_id' value='42' \/><input type=\"hidden\" id=\"_fluentform_6_fluentformnonce\" name=\"_fluentform_6_fluentformnonce\" value=\"0684ea1194\" \/><input type=\"hidden\" name=\"_wp_http_referer\" value=\"\/wp-json\/wp\/v2\/pages\/42\" \/><div type=\"text\" data-name=\"names\" class=\" ff-field_container ff-name-field-wrapper\" ><div class='ff-t-container'><\/div><\/div><div class='ff-el-group'><div class=\"ff-el-input--label ff-el-is-required asterisk-right\"><label for='ff_6_email' id='label_ff_6_email' aria-label=\"Adresse email\">Adresse email<\/label><\/div><div class='ff-el-input--content'><input type=\"email\" name=\"email\" id=\"ff_6_email\" class=\"ff-el-form-control\" placeholder=\"votre@email.fr\" required=\"1\" data-name=\"email\"  aria-invalid=\"false\" aria-required=true><\/div><\/div><div class='ff-el-group'><div class=\"ff-el-input--label asterisk-right\"><label for='ff_6_subject' id='label_ff_6_subject' aria-label=\"Sujet\">Sujet<\/label><\/div><div class='ff-el-input--content'><input type=\"text\" name=\"subject\" id=\"ff_6_subject\" class=\"ff-el-form-control\" placeholder=\"Objet de votre message\" data-name=\"subject\"  aria-invalid=\"false\" aria-required=false><\/div><\/div><div class='ff-el-group'><div class=\"ff-el-input--label ff-el-is-required asterisk-right\"><label for='ff_6_message' id='label_ff_6_message' aria-label=\"Votre message\">Votre message<\/label><\/div><div class='ff-el-input--content'><textarea aria-required=\"true\" aria-labelledby=\"label_ff_6_message\" name=\"message\" id=\"ff_6_message\" class=\"ff-el-form-control\" placeholder=\"Votre message\u2026\" rows=\"5\" required=\"1\" data-name=\"message\" ><\/textarea><\/div><\/div><div class='ff-el-group ff-text-left ff_submit_btn_wrapper'><button type=\"submit\" class=\"ff-btn ff-btn-submit ff-btn-md ff-btn ff-btn-submit ff_btn_style\"  aria-label=\"Envoyer le message\">Envoyer le message<\/button><\/div><\/fieldset><\/form><div id='fluentform_6_errors' class='ff-errors-in-stack ff_form_instance_6_1 ff-form-loading_errors ff_form_instance_6_1_errors'><\/div><\/div>            <script type=\"text\/javascript\">\n                window.fluent_form_ff_form_instance_6_1 = {\"id\":\"6\",\"ajaxUrl\":\"https:\\\/\\\/blog.aucoindelahalle.fr\\\/wp-admin\\\/admin-ajax.php\",\"settings\":{\"layout\":{\"labelPlacement\":\"top\",\"helpMessagePlacement\":\"with_label\",\"errorMessagePlacement\":\"inline\",\"cssClassName\":\"\",\"asteriskPlacement\":\"asterisk-right\"},\"restrictions\":{\"denyEmptySubmission\":{\"enabled\":false}}},\"form_instance\":\"ff_form_instance_6_1\",\"form_id_selector\":\"fluentform_6\",\"rules\":{\"email\":{\"required\":{\"value\":true,\"message\":\"Ce champ est obligatoire.\"},\"email\":{\"value\":true,\"message\":\"Veuillez saisir une adresse email valide.\"}},\"subject\":{\"required\":{\"value\":false,\"message\":\"Ce champ est obligatoire.\"}},\"message\":{\"required\":{\"value\":true,\"message\":\"Ce champ est obligatoire.\"}}},\"debounce_time\":300};\n                            <\/script>\n            \n<\/div>\n\n\n<div class=\"wp-block-column is-vertically-aligned-center is-layout-flow wp-block-column-is-layout-flow\" style=\"flex-basis:42%\">\n\n<div class=\"wp-block-group has-background\" style=\"background:#E8DCC4;border-left:4px solid #C84B31;padding:36px 32px\"><div class=\"wp-block-group__inner-container is-layout-flow wp-block-group-is-layout-flow\">\n\n<h3 class=\"wp-block-heading\" style=\"color:#1A2238;font-size:1.1rem;margin-bottom:16px\">Nous rejoindre<\/h3>\n\n\n<p style=\"color:#1A2238\">Un artisan ou une boutique \u00e0 nous faire d\u00e9couvrir, un portrait \u00e0 proposer, un partenariat \u00e9ditorial ? Nous lisons tous les messages.<\/p>\n\n\n<p style=\"color:#6B6355;font-size:0.92rem\">R\u00e9ponse garantie sous 48 \u00e0 72 heures.<\/p>\n\n\n<hr class=\"wp-block-separator has-background\" style=\"background-color:#D4C8B0;height:1px;border:none;margin:20px 0\" \/>\n\n\n<p style=\"color:#C84B31;font-weight:600\">\ud83d\udce7 contact@aucoindelahalle.fr<\/p>\n\n<\/div><\/div>\n\n<\/div>\n\n<\/div>\n\n<\/div><\/div>\n","protected":false},"excerpt":{"rendered":"<p>\u00c9crivez-nous Nous rejoindre Un artisan ou une boutique \u00e0 nous faire d\u00e9couvrir, un portrait \u00e0 proposer, un partenariat \u00e9ditorial ? Nous lisons tous les messages. R\u00e9ponse garantie sous 48 \u00e0 72 heures. \ud83d\udce7 contact@aucoindelahalle.fr<\/p>\n","protected":false},"author":0,"featured_media":0,"parent":0,"menu_order":0,"comment_status":"closed","ping_status":"closed","template":"","meta":{"footnotes":""},"class_list":["post-42","page","type-page","status-publish"],"_links":{"self":[{"href":"https:\/\/blog.aucoindelahalle.fr\/wp-json\/wp\/v2\/pages\/42","targetHints":{"allow":["GET"]}}],"collection":[{"href":"https:\/\/blog.aucoindelahalle.fr\/wp-json\/wp\/v2\/pages"}],"about":[{"href":"https:\/\/blog.aucoindelahalle.fr\/wp-json\/wp\/v2\/types\/page"}],"replies":[{"embeddable":true,"href":"https:\/\/blog.aucoindelahalle.fr\/wp-json\/wp\/v2\/comments?post=42"}],"version-history":[{"count":4,"href":"https:\/\/blog.aucoindelahalle.fr\/wp-json\/wp\/v2\/pages\/42\/revisions"}],"predecessor-version":[{"id":79,"href":"https:\/\/blog.aucoindelahalle.fr\/wp-json\/wp\/v2\/pages\/42\/revisions\/79"}],"wp:attachment":[{"href":"https:\/\/blog.aucoindelahalle.fr\/wp-json\/wp\/v2\/media?parent=42"}],"curies":[{"name":"wp","href":"https:\/\/api.w.org\/{rel}","templated":true}]}}