{"id":40,"date":"2026-04-15T17:47:54","date_gmt":"2026-04-15T17:47:54","guid":{"rendered":"https:\/\/elegant-albattani.37-187-145-177.plesk.page\/staging\/a-propos\/"},"modified":"2026-05-10T08:46:53","modified_gmt":"2026-05-10T08:46:53","slug":"a-propos","status":"publish","type":"page","link":"https:\/\/blog.aucoindelahalle.fr\/a-propos\/","title":{"rendered":"\u00c0 propos"},"content":{"rendered":"\n<div class=\"wp-block-cover is-dark\" style=\"min-height:340px;padding:80px 40px;aspect-ratio:unset;\"><span aria-hidden=\"true\" class=\"wp-block-cover__background has-background-dim-100 has-background-dim\" style=\"background-color:#1A2238\"><\/span><div class=\"wp-block-cover__inner-container is-layout-flow wp-block-cover-is-layout-flow\">\n\n<p style=\"color:#C84B31;font-size:0.78rem;font-weight:700;letter-spacing:0.1em;text-transform:uppercase\">Le magazine<\/p>\n\n\n<h1 class=\"wp-block-heading\" style=\"color:#E8DCC4;font-size:3rem\">\u00c0 propos<\/h1>\n\n\n<p style=\"color:rgba(232,220,196,0.75);font-style:italic\">Le magazine qui documente la France de la proximit\u00e9 urbaine<\/p>\n\n<\/div><\/div>\n\n\n\n<div class=\"wp-block-group has-background\" style=\"background:#FAF7F2;padding:64px 40px\"><div class=\"wp-block-group__inner-container is-layout-flow wp-block-group-is-layout-flow\">\n\n<div class=\"wp-block-columns is-layout-flex wp-container-core-columns-is-layout-16c6719d wp-block-columns-is-layout-flex\">\n\n<div class=\"wp-block-column is-vertically-aligned-center is-layout-flow wp-block-column-is-layout-flow\">\n\n<figure class=\"wp-block-image size-large\"><img decoding=\"async\" src=\"https:\/\/aucoindelahalle.fr\/assets\/camille-vasseur.jpg\" alt=\"Camille Vasseur, r\u00e9dactrice en chef de L'Esprit du Quartier\" \/><\/figure>\n\n<\/div>\n\n\n<div class=\"wp-block-column is-vertically-aligned-center is-layout-flow wp-block-column-is-layout-flow\">\n\n<p style=\"color:#C84B31;font-size:0.78rem;font-weight:700;letter-spacing:0.1em;text-transform:uppercase\">Notre histoire<\/p>\n\n\n<h2 class=\"wp-block-heading\" style=\"color:#1A2238;font-size:1.9rem\">La rue au s\u00e9rieux, le quartier comme unit\u00e9 d&rsquo;observation<\/h2>\n\n\n<p style=\"color:#1A2238\"><em>L&rsquo;Esprit du Quartier<\/em> est n\u00e9 d&rsquo;une conviction simple : la vie urbaine la plus int\u00e9ressante se passe au niveau de la rue. Pas dans les tableaux de bord des m\u00e9tropoles \u2014 mais dans l&rsquo;atelier du cordonnier du coin, dans la librairie qui tient bon, dans l&rsquo;immeuble o\u00f9 un repair caf\u00e9 mensuel r\u00e9unit des inconnus.<\/p>\n\n\n<p style=\"color:#6B6355\">Nous documentons cette France de la proximit\u00e9 avec la rigueur du journalisme et la curiosit\u00e9 de ceux qui aiment vraiment leur quartier. Chaque article est une archive vivante des mani\u00e8res d&rsquo;habiter sa ville \u00e0 hauteur d&rsquo;habitant.<\/p>\n\n<\/div>\n\n<\/div>\n\n<\/div><\/div>\n\n\n\n<div class=\"wp-block-group has-background\" style=\"background:#E8DCC4;padding:64px 40px\"><div class=\"wp-block-group__inner-container is-layout-flow wp-block-group-is-layout-flow\">\n\n<p style=\"color:#C84B31;font-size:0.78rem;font-weight:700;letter-spacing:0.1em;text-transform:uppercase\">Trois engagements<\/p>\n\n\n<h2 class=\"wp-block-heading\" style=\"color:#1A2238;margin-bottom:40px\">Notre mission<\/h2>\n\n\n<div class=\"wp-block-columns is-layout-flex wp-container-core-columns-is-layout-b97086c3 wp-block-columns-is-layout-flex\">\n\n<div class=\"wp-block-column is-layout-flow wp-block-column-is-layout-flow\">\n\n<div class=\"wp-block-group\" style=\"background:#FAF7F2;border-left:4px solid #C84B31;padding:24px 20px\"><div class=\"wp-block-group__inner-container is-layout-flow wp-block-group-is-layout-flow\">\n\n<h3 class=\"wp-block-heading\" style=\"color:#C84B31;font-size:1.8rem\">1<\/h3>\n\n\n<h4 class=\"wp-block-heading\" style=\"color:#1A2238\">Informer avec rigueur<\/h4>\n\n\n<p style=\"color:#6B6355;font-size:0.92rem\">Chiffres sourc\u00e9s, citations v\u00e9rifi\u00e9es, terrain effectu\u00e9. Nos articles respectent les standards du journalisme de donn\u00e9es.<\/p>\n\n<\/div><\/div>\n\n<\/div>\n\n\n<div class=\"wp-block-column is-layout-flow wp-block-column-is-layout-flow\">\n\n<div class=\"wp-block-group\" style=\"background:#FAF7F2;border-left:4px solid #C84B31;padding:24px 20px\"><div class=\"wp-block-group__inner-container is-layout-flow wp-block-group-is-layout-flow\">\n\n<h3 class=\"wp-block-heading\" style=\"color:#C84B31;font-size:1.8rem\">2<\/h3>\n\n\n<h4 class=\"wp-block-heading\" style=\"color:#1A2238\">Valoriser les acteurs invisibles<\/h4>\n\n\n<p style=\"color:#6B6355;font-size:0.92rem\">Artisans, commer\u00e7ants ind\u00e9pendants, b\u00e9n\u00e9voles \u2014 ceux qui font vivre le quartier sans faire les gros titres.<\/p>\n\n<\/div><\/div>\n\n<\/div>\n\n\n<div class=\"wp-block-column is-layout-flow wp-block-column-is-layout-flow\">\n\n<div class=\"wp-block-group\" style=\"background:#FAF7F2;border-left:4px solid #C84B31;padding:24px 20px\"><div class=\"wp-block-group__inner-container is-layout-flow wp-block-group-is-layout-flow\">\n\n<h3 class=\"wp-block-heading\" style=\"color:#C84B31;font-size:1.8rem\">3<\/h3>\n\n\n<h4 class=\"wp-block-heading\" style=\"color:#1A2238\">Constituer une archive vivante<\/h4>\n\n\n<p style=\"color:#6B6355;font-size:0.92rem\">Chaque article doit pouvoir \u00eatre relu dans cinq ans comme un t\u00e9moignage dat\u00e9 et pr\u00e9cis d&rsquo;une \u00e9poque et de ses mani\u00e8res d&rsquo;habiter la ville.<\/p>\n\n<\/div><\/div>\n\n<\/div>\n\n<\/div>\n\n<\/div><\/div>\n","protected":false},"excerpt":{"rendered":"<p>Notre histoire La rue au s\u00e9rieux, le quartier comme unit\u00e9 d&rsquo;observation L&rsquo;Esprit du Quartier est n\u00e9 d&rsquo;une conviction simple : la vie urbaine la plus int\u00e9ressante se passe au niveau de la rue. Pas dans les tableaux de bord des m\u00e9tropoles \u2014 mais dans l&rsquo;atelier du cordonnier du coin, dans la librairie qui tient bon, &#8230; <a title=\"\u00c0 propos\" class=\"read-more\" href=\"https:\/\/blog.aucoindelahalle.fr\/a-propos\/\" aria-label=\"En savoir plus sur \u00c0 propos\">Lire la suite<\/a><\/p>\n","protected":false},"author":0,"featured_media":0,"parent":0,"menu_order":0,"comment_status":"closed","ping_status":"closed","template":"","meta":{"footnotes":""},"class_list":["post-40","page","type-page","status-publish"],"_links":{"self":[{"href":"https:\/\/blog.aucoindelahalle.fr\/wp-json\/wp\/v2\/pages\/40","targetHints":{"allow":["GET"]}}],"collection":[{"href":"https:\/\/blog.aucoindelahalle.fr\/wp-json\/wp\/v2\/pages"}],"about":[{"href":"https:\/\/blog.aucoindelahalle.fr\/wp-json\/wp\/v2\/types\/page"}],"replies":[{"embeddable":true,"href":"https:\/\/blog.aucoindelahalle.fr\/wp-json\/wp\/v2\/comments?post=40"}],"version-history":[{"count":2,"href":"https:\/\/blog.aucoindelahalle.fr\/wp-json\/wp\/v2\/pages\/40\/revisions"}],"predecessor-version":[{"id":78,"href":"https:\/\/blog.aucoindelahalle.fr\/wp-json\/wp\/v2\/pages\/40\/revisions\/78"}],"wp:attachment":[{"href":"https:\/\/blog.aucoindelahalle.fr\/wp-json\/wp\/v2\/media?parent=40"}],"curies":[{"name":"wp","href":"https:\/\/api.w.org\/{rel}","templated":true}]}}